{"id":29,"date":"2023-05-07T09:52:13","date_gmt":"2023-05-07T07:52:13","guid":{"rendered":"https:\/\/weindler.de\/?page_id=29"},"modified":"2024-08-21T19:22:30","modified_gmt":"2024-08-21T17:22:30","slug":"29-2","status":"publish","type":"page","link":"https:\/\/weindler.de\/","title":{"rendered":"Home"},"content":{"rendered":"<p>[et_pb_section fb_built=&#8220;1&#8243; _builder_version=&#8220;4.20.4&#8243; _module_preset=&#8220;default&#8220; global_colors_info=&#8220;{}&#8220;][et_pb_row column_structure=&#8220;3_5,2_5&#8243; _builder_version=&#8220;4.20.4&#8243; _module_preset=&#8220;default&#8220; width=&#8220;100%&#8220; max_width=&#8220;70%&#8220; global_colors_info=&#8220;{}&#8220;][et_pb_column type=&#8220;3_5&#8243; _builder_version=&#8220;4.20.4&#8243; _module_preset=&#8220;default&#8220; global_colors_info=&#8220;{}&#8220;][et_pb_divider show_divider=&#8220;off&#8220; _builder_version=&#8220;4.20.4&#8243; _module_preset=&#8220;default&#8220; min_height=&#8220;40px&#8220; global_colors_info=&#8220;{}&#8220;][\/et_pb_divider][et_pb_text _builder_version=&#8220;4.20.4&#8243; _module_preset=&#8220;default&#8220; header_text_align=&#8220;center&#8220; header_font_size=&#8220;33px&#8220; global_colors_info=&#8220;{}&#8220;]<\/p>\n<h1>Liebe Besucher<\/h1>\n<p>[\/et_pb_text][et_pb_divider show_divider=&#8220;off&#8220; _builder_version=&#8220;4.20.4&#8243; _module_preset=&#8220;default&#8220; min_height=&#8220;70px&#8220; global_colors_info=&#8220;{}&#8220; custom_margin=&#8220;||7px|||&#8220;][\/et_pb_divider][et_pb_text _builder_version=&#8220;4.20.4&#8243; _module_preset=&#8220;default&#8220; text_font_size=&#8220;17px&#8220; text_orientation=&#8220;center&#8220; global_colors_info=&#8220;{}&#8220;]<\/p>\n<p>Vielen Dank f\u00fcr Ihr Vertrauen und die jahrelange gute Zusammenarbeit.<\/p>\n<p>Mit besten Gr\u00fc\u00dfen verbleibe ich herzlichst, Ihr<br \/>Dr. Robert Weindler<\/p>\n<p>[\/et_pb_text][\/et_pb_column][et_pb_column type=&#8220;2_5&#8243; _builder_version=&#8220;4.20.4&#8243; _module_preset=&#8220;default&#8220; global_colors_info=&#8220;{}&#8220;][et_pb_image src=&#8220;https:\/\/weindler.de\/wp-content\/uploads\/2021\/06\/drrw.png&#8220; title_text=&#8220;drrw&#8220; align=&#8220;center&#8220; _builder_version=&#8220;4.20.4&#8243; _module_preset=&#8220;default&#8220; global_colors_info=&#8220;{}&#8220;][\/et_pb_image][\/et_pb_column][\/et_pb_row][et_pb_row _builder_version=&#8220;4.20.4&#8243; _module_preset=&#8220;default&#8220; width=&#8220;100%&#8220; max_width=&#8220;70%&#8220; custom_padding=&#8220;50px||400px||false|false&#8220; global_colors_info=&#8220;{}&#8220;][et_pb_column type=&#8220;4_4&#8243; _builder_version=&#8220;4.20.4&#8243; _module_preset=&#8220;default&#8220; global_colors_info=&#8220;{}&#8220;][et_pb_text _builder_version=&#8220;4.20.4&#8243; _module_preset=&#8220;default&#8220; text_font_size=&#8220;16px&#8220; global_colors_info=&#8220;{}&#8220; custom_padding=&#8220;||0px|||&#8220;]<\/p>\n<p>Wir verwenden keine Cookies auf dieser kleinen Informationsseite und verarbeiten auch Ihre Daten nicht. Daher auch kein Cookie-Tool, Datenschutzerkl\u00e4rung etc. \u00a9 2023 Dr. Robert Weindler.<\/p>\n<p>[\/et_pb_text][\/et_pb_column][\/et_pb_row][\/et_pb_section]<\/p>\n","protected":false},"excerpt":{"rendered":"<p>Liebe BesucherVielen Dank f\u00fcr Ihr Vertrauen und die jahrelange gute Zusammenarbeit. Mit besten Gr\u00fc\u00dfen verbleibe ich herzlichst, IhrDr. Robert WeindlerWir verwenden keine Cookies auf dieser kleinen Informationsseite und verarbeiten auch Ihre Daten nicht. Daher auch kein Cookie-Tool, Datenschutzerkl\u00e4rung etc. \u00a9 2023 Dr. Robert Weindler.<\/p>\n","protected":false},"author":1,"featured_media":0,"parent":0,"menu_order":0,"comment_status":"closed","ping_status":"closed","template":"page-template-blank.php","meta":{"_et_pb_use_builder":"on","_et_pb_old_content":"","_et_gb_content_width":"","footnotes":""},"class_list":["post-29","page","type-page","status-publish","hentry"],"_links":{"self":[{"href":"https:\/\/weindler.de\/index.php\/wp-json\/wp\/v2\/pages\/29","targetHints":{"allow":["GET"]}}],"collection":[{"href":"https:\/\/weindler.de\/index.php\/wp-json\/wp\/v2\/pages"}],"about":[{"href":"https:\/\/weindler.de\/index.php\/wp-json\/wp\/v2\/types\/page"}],"author":[{"embeddable":true,"href":"https:\/\/weindler.de\/index.php\/wp-json\/wp\/v2\/users\/1"}],"replies":[{"embeddable":true,"href":"https:\/\/weindler.de\/index.php\/wp-json\/wp\/v2\/comments?post=29"}],"version-history":[{"count":10,"href":"https:\/\/weindler.de\/index.php\/wp-json\/wp\/v2\/pages\/29\/revisions"}],"predecessor-version":[{"id":58,"href":"https:\/\/weindler.de\/index.php\/wp-json\/wp\/v2\/pages\/29\/revisions\/58"}],"wp:attachment":[{"href":"https:\/\/weindler.de\/index.php\/wp-json\/wp\/v2\/media?parent=29"}],"curies":[{"name":"wp","href":"https:\/\/api.w.org\/{rel}","templated":true}]}}